{"id":6620,"date":"2025-08-10T20:49:52","date_gmt":"2025-08-10T20:49:52","guid":{"rendered":"https:\/\/pehlivanaydin.com\/?page_id=6620"},"modified":"2025-08-10T21:10:31","modified_gmt":"2025-08-10T21:10:31","slug":"tasdik-ve-raporlama-hizmetleri","status":"publish","type":"page","link":"https:\/\/pehlivanaydin.com\/?page_id=6620","title":{"rendered":"Tasdik ve Raporlama Hizmetleri"},"content":{"rendered":"\t\t<div data-elementor-type=\"wp-page\" data-elementor-id=\"6620\" class=\"elementor elementor-6620\">\n\t\t\t\t\t\t<section class=\"elementor-section elementor-top-section elementor-element elementor-element-aea2f81 elementor-section-height-min-height elementor-section-content-middle elementor-section-boxed elementor-section-height-default elementor-section-items-middle wpr-particle-no wpr-jarallax-no wpr-parallax-no wpr-sticky-section-no wpr-equal-height-no\" data-id=\"aea2f81\" data-element_type=\"section\" data-e-type=\"section\" data-settings=\"{&quot;background_background&quot;:&quot;classic&quot;}\">\n\t\t\t\t\t\t\t<div class=\"elementor-background-overlay\"><\/div>\n\t\t\t\t\t\t\t<div class=\"elementor-container elementor-column-gap-default\">\n\t\t\t\t\t<div class=\"elementor-column elementor-col-100 elementor-top-column elementor-element elementor-element-e16feb4\" data-id=\"e16feb4\" data-element_type=\"column\" data-e-type=\"column\">\n\t\t\t<div class=\"elementor-widget-wrap elementor-element-populated\">\n\t\t\t\t\t\t<div class=\"elementor-element elementor-element-269ff342 elementor-widget elementor-widget-heading\" data-id=\"269ff342\" data-element_type=\"widget\" data-e-type=\"widget\" data-widget_type=\"heading.default\">\n\t\t\t\t\t<h2 class=\"elementor-heading-title elementor-size-default\">Tasdik ve Raporlama Hizmetleri<\/h2>\t\t\t\t<\/div>\n\t\t\t\t\t<\/div>\n\t\t<\/div>\n\t\t\t\t\t<\/div>\n\t\t<\/section>\n\t\t\t\t<section class=\"elementor-section elementor-top-section elementor-element elementor-element-59bc07b elementor-section-boxed elementor-section-height-default elementor-section-height-default wpr-particle-no wpr-jarallax-no wpr-parallax-no wpr-sticky-section-no wpr-equal-height-no\" data-id=\"59bc07b\" data-element_type=\"section\" data-e-type=\"section\" data-settings=\"{&quot;background_background&quot;:&quot;classic&quot;}\">\n\t\t\t\t\t\t<div class=\"elementor-container elementor-column-gap-wide\">\n\t\t\t\t\t<div class=\"elementor-column elementor-col-50 elementor-top-column elementor-element elementor-element-6d235951\" data-id=\"6d235951\" data-element_type=\"column\" data-e-type=\"column\">\n\t\t\t<div class=\"elementor-widget-wrap elementor-element-populated\">\n\t\t\t\t\t\t<div class=\"elementor-element elementor-element-601008f6 elementor-widget elementor-widget-text-editor\" data-id=\"601008f6\" data-element_type=\"widget\" data-e-type=\"widget\" data-widget_type=\"text-editor.default\">\n\t\t\t\t\t\t\t\t\t<p>Tasdik, denetim ilke ve standartlar\u0131na g\u00f6re uygunluk y\u00f6n\u00fcnden yap\u0131lan inceleme sonu\u00e7lar\u0131na dayan\u0131larak tasdik kapsam\u0131na giren konular\u0131n ve belgelerin ger\u00e7e\u011fi yans\u0131t\u0131p yans\u0131tmad\u0131\u011f\u0131n\u0131n rapora ba\u011flanmas\u0131d\u0131r.<\/p>\t\t\t\t\t\t\t\t<\/div>\n\t\t\t\t\t<\/div>\n\t\t<\/div>\n\t\t\t\t<div class=\"elementor-column elementor-col-50 elementor-top-column elementor-element elementor-element-7273d94b\" data-id=\"7273d94b\" data-element_type=\"column\" data-e-type=\"column\">\n\t\t\t<div class=\"elementor-widget-wrap elementor-element-populated\">\n\t\t\t\t\t\t<div class=\"elementor-element elementor-element-7e6e26c1 elementor-widget elementor-widget-image\" data-id=\"7e6e26c1\" data-element_type=\"widget\" data-e-type=\"widget\" data-widget_type=\"image.default\">\n\t\t\t\t\t\t\t\t\t\t\t\t\t\t\t<img fetchpriority=\"high\" decoding=\"async\" width=\"960\" height=\"640\" src=\"https:\/\/pehlivanaydin.com\/wp-content\/uploads\/2021\/12\/image-10.jpg\" class=\"attachment-large size-large wp-image-36\" alt=\"\" srcset=\"https:\/\/pehlivanaydin.com\/wp-content\/uploads\/2021\/12\/image-10.jpg 1000w, https:\/\/pehlivanaydin.com\/wp-content\/uploads\/2021\/12\/image-10-300x200.jpg 300w, https:\/\/pehlivanaydin.com\/wp-content\/uploads\/2021\/12\/image-10-768x512.jpg 768w\" sizes=\"(max-width: 960px) 100vw, 960px\" \/>\t\t\t\t\t\t\t\t\t\t\t\t\t\t\t<\/div>\n\t\t\t\t<div class=\"elementor-element elementor-element-571b0bb9 elementor-widget__width-initial elementor-absolute elementor-widget-tablet__width-initial elementor-hidden-tablet elementor-hidden-mobile elementor-widget elementor-widget-image\" data-id=\"571b0bb9\" data-element_type=\"widget\" data-e-type=\"widget\" data-settings=\"{&quot;_position&quot;:&quot;absolute&quot;}\" data-widget_type=\"image.default\">\n\t\t\t\t\t\t\t\t\t\t\t\t\t\t\t<img decoding=\"async\" width=\"900\" height=\"600\" src=\"https:\/\/pehlivanaydin.com\/wp-content\/uploads\/2021\/12\/image-1.jpg\" class=\"attachment-large size-large wp-image-14\" alt=\"\" srcset=\"https:\/\/pehlivanaydin.com\/wp-content\/uploads\/2021\/12\/image-1.jpg 900w, https:\/\/pehlivanaydin.com\/wp-content\/uploads\/2021\/12\/image-1-300x200.jpg 300w, https:\/\/pehlivanaydin.com\/wp-content\/uploads\/2021\/12\/image-1-768x512.jpg 768w\" sizes=\"(max-width: 900px) 100vw, 900px\" \/>\t\t\t\t\t\t\t\t\t\t\t\t\t\t\t<\/div>\n\t\t\t\t\t<\/div>\n\t\t<\/div>\n\t\t\t\t\t<\/div>\n\t\t<\/section>\n\t\t\t\t<\/div>\n\t\t","protected":false},"excerpt":{"rendered":"<p>Tasdik ve Raporlama Hizmetleri Tasdik, denetim ilke ve standartlar\u0131na g\u00f6re uygunluk y\u00f6n\u00fcnden yap\u0131lan inceleme sonu\u00e7lar\u0131na dayan\u0131larak tasdik kapsam\u0131na giren konular\u0131n ve belgelerin ger\u00e7e\u011fi yans\u0131t\u0131p yans\u0131tmad\u0131\u011f\u0131n\u0131n rapora ba\u011flanmas\u0131d\u0131r.<\/p>\n","protected":false},"author":1,"featured_media":0,"parent":67,"menu_order":0,"comment_status":"closed","ping_status":"closed","template":"elementor_canvas","meta":{"footnotes":""},"class_list":["post-6620","page","type-page","status-publish","hentry"],"acf":[],"_links":{"self":[{"href":"https:\/\/pehlivanaydin.com\/index.php?rest_route=\/wp\/v2\/pages\/6620","targetHints":{"allow":["GET"]}}],"collection":[{"href":"https:\/\/pehlivanaydin.com\/index.php?rest_route=\/wp\/v2\/pages"}],"about":[{"href":"https:\/\/pehlivanaydin.com\/index.php?rest_route=\/wp\/v2\/types\/page"}],"author":[{"embeddable":true,"href":"https:\/\/pehlivanaydin.com\/index.php?rest_route=\/wp\/v2\/users\/1"}],"replies":[{"embeddable":true,"href":"https:\/\/pehlivanaydin.com\/index.php?rest_route=%2Fwp%2Fv2%2Fcomments&post=6620"}],"version-history":[{"count":9,"href":"https:\/\/pehlivanaydin.com\/index.php?rest_route=\/wp\/v2\/pages\/6620\/revisions"}],"predecessor-version":[{"id":6655,"href":"https:\/\/pehlivanaydin.com\/index.php?rest_route=\/wp\/v2\/pages\/6620\/revisions\/6655"}],"up":[{"embeddable":true,"href":"https:\/\/pehlivanaydin.com\/index.php?rest_route=\/wp\/v2\/pages\/67"}],"wp:attachment":[{"href":"https:\/\/pehlivanaydin.com\/index.php?rest_route=%2Fwp%2Fv2%2Fmedia&parent=6620"}],"curies":[{"name":"wp","href":"https:\/\/api.w.org\/{rel}","templated":true}]}}