{"id":66,"date":"2021-12-12T06:31:28","date_gmt":"2021-12-12T06:31:28","guid":{"rendered":"https:\/\/demosites.royal-elementor-addons.com\/ittech-v2\/?page_id=66"},"modified":"2025-08-10T19:51:51","modified_gmt":"2025-08-10T19:51:51","slug":"hakkimizda","status":"publish","type":"page","link":"https:\/\/pehlivanaydin.com\/?page_id=66","title":{"rendered":"Hakk\u0131m\u0131zda"},"content":{"rendered":"\t\t<div data-elementor-type=\"wp-page\" data-elementor-id=\"66\" class=\"elementor elementor-66\">\n\t\t\t\t\t\t<section class=\"elementor-section elementor-top-section elementor-element elementor-element-aea2f81 elementor-section-height-min-height elementor-section-content-middle elementor-section-boxed elementor-section-height-default elementor-section-items-middle wpr-particle-no wpr-jarallax-no wpr-parallax-no wpr-sticky-section-no wpr-equal-height-no\" data-id=\"aea2f81\" data-element_type=\"section\" data-e-type=\"section\" data-settings=\"{&quot;background_background&quot;:&quot;classic&quot;}\">\n\t\t\t\t\t\t\t<div class=\"elementor-background-overlay\"><\/div>\n\t\t\t\t\t\t\t<div class=\"elementor-container elementor-column-gap-default\">\n\t\t\t\t\t<div class=\"elementor-column elementor-col-100 elementor-top-column elementor-element elementor-element-e16feb4\" data-id=\"e16feb4\" data-element_type=\"column\" data-e-type=\"column\">\n\t\t\t<div class=\"elementor-widget-wrap elementor-element-populated\">\n\t\t\t\t\t\t<div class=\"elementor-element elementor-element-269ff342 elementor-widget elementor-widget-heading\" data-id=\"269ff342\" data-element_type=\"widget\" data-e-type=\"widget\" data-widget_type=\"heading.default\">\n\t\t\t\t\t<h2 class=\"elementor-heading-title elementor-size-default\">Hakk\u0131m\u0131zda<\/h2>\t\t\t\t<\/div>\n\t\t\t\t\t<\/div>\n\t\t<\/div>\n\t\t\t\t\t<\/div>\n\t\t<\/section>\n\t\t\t\t<section class=\"elementor-section elementor-top-section elementor-element elementor-element-59bc07b elementor-section-boxed elementor-section-height-default elementor-section-height-default wpr-particle-no wpr-jarallax-no wpr-parallax-no wpr-sticky-section-no wpr-equal-height-no\" data-id=\"59bc07b\" data-element_type=\"section\" data-e-type=\"section\" data-settings=\"{&quot;background_background&quot;:&quot;classic&quot;}\">\n\t\t\t\t\t\t<div class=\"elementor-container elementor-column-gap-wide\">\n\t\t\t\t\t<div class=\"elementor-column elementor-col-50 elementor-top-column elementor-element elementor-element-6d235951\" data-id=\"6d235951\" data-element_type=\"column\" data-e-type=\"column\">\n\t\t\t<div class=\"elementor-widget-wrap elementor-element-populated\">\n\t\t\t\t\t\t<div class=\"elementor-element elementor-element-6f35eb39 elementor-widget elementor-widget-text-editor\" data-id=\"6f35eb39\" data-element_type=\"widget\" data-e-type=\"widget\" data-widget_type=\"text-editor.default\">\n\t\t\t\t\t\t\t\t\t<p>\u2714 Vizyonumuz<\/p><p>M\u00fc\u015favirlik ve finansal dan\u0131\u015fmanl\u0131k alanlar\u0131nda uzmanl\u0131\u011f\u0131yla tan\u0131nan, uluslararas\u0131 trendleri yak\u0131ndan takip eden ve m\u00fc\u015fterilerinin \u00f6zel ihtiya\u00e7lar\u0131na g\u00f6re \u00f6zelle\u015ftirilmi\u015f \u00e7\u00f6z\u00fcmler sunan butik bir dan\u0131\u015fmanl\u0131k firmas\u0131 olmak.<\/p>\t\t\t\t\t\t\t\t<\/div>\n\t\t\t\t<div class=\"elementor-element elementor-element-d511d5b elementor-widget elementor-widget-text-editor\" data-id=\"d511d5b\" data-element_type=\"widget\" data-e-type=\"widget\" data-widget_type=\"text-editor.default\">\n\t\t\t\t\t\t\t\t\t<p>\u2714 Misyonumuz<\/p><p>-G\u00fcncel mevzuat\u0131 objektif bir anlay\u0131\u015fla yorumlayarak do\u011fru bir \u015fekilde uygulamak,<br \/>-Yarg\u0131 kararlar\u0131n\u0131 ve idari uygulamalar\u0131 yak\u0131ndan izleyerek m\u00fc\u015fterilerine zaman\u0131nda ve do\u011fru rehberlik sa\u011flamak,<br \/>-Bilgi ve tecr\u00fcbeyi harmanlayarak, farkl\u0131 disiplinlerin kesi\u015fim noktas\u0131nda y\u00fcksek kaliteli hizmet sunmak,<br \/>-Etkin finansal y\u00f6netim dan\u0131\u015fmanl\u0131\u011f\u0131 ile m\u00fc\u015fterilerine modern, kurumsal ve s\u00fcrd\u00fcr\u00fclebilir \u00e7\u00f6z\u00fcmler geli\u015ftirmek.<\/p>\t\t\t\t\t\t\t\t<\/div>\n\t\t\t\t<div class=\"elementor-element elementor-element-601008f6 elementor-widget elementor-widget-text-editor\" data-id=\"601008f6\" data-element_type=\"widget\" data-e-type=\"widget\" data-widget_type=\"text-editor.default\">\n\t\t\t\t\t\t\t\t\t<p>\u2714 De\u011ferlerimiz<\/p><p>-G\u00fcvenilirlik<br \/>-D\u00fcr\u00fcstl\u00fck<br \/>-Mesleki \u00d6zen<br \/>-Sorumluluk ve Hesap Verebilirlik<br \/>-Sonu\u00e7 Odakl\u0131l\u0131k<\/p>\t\t\t\t\t\t\t\t<\/div>\n\t\t\t\t\t<\/div>\n\t\t<\/div>\n\t\t\t\t<div class=\"elementor-column elementor-col-50 elementor-top-column elementor-element elementor-element-7273d94b\" data-id=\"7273d94b\" data-element_type=\"column\" data-e-type=\"column\">\n\t\t\t<div class=\"elementor-widget-wrap elementor-element-populated\">\n\t\t\t\t\t\t<div class=\"elementor-element elementor-element-7e6e26c1 elementor-widget elementor-widget-image\" data-id=\"7e6e26c1\" data-element_type=\"widget\" data-e-type=\"widget\" data-widget_type=\"image.default\">\n\t\t\t\t\t\t\t\t\t\t\t\t\t\t\t<img fetchpriority=\"high\" decoding=\"async\" width=\"960\" height=\"640\" src=\"https:\/\/pehlivanaydin.com\/wp-content\/uploads\/2021\/12\/image-10.jpg\" class=\"attachment-large size-large wp-image-36\" alt=\"\" srcset=\"https:\/\/pehlivanaydin.com\/wp-content\/uploads\/2021\/12\/image-10.jpg 1000w, https:\/\/pehlivanaydin.com\/wp-content\/uploads\/2021\/12\/image-10-300x200.jpg 300w, https:\/\/pehlivanaydin.com\/wp-content\/uploads\/2021\/12\/image-10-768x512.jpg 768w\" sizes=\"(max-width: 960px) 100vw, 960px\" \/>\t\t\t\t\t\t\t\t\t\t\t\t\t\t\t<\/div>\n\t\t\t\t<div class=\"elementor-element elementor-element-571b0bb9 elementor-widget__width-initial elementor-absolute elementor-widget-tablet__width-initial elementor-hidden-tablet elementor-hidden-mobile elementor-widget elementor-widget-image\" data-id=\"571b0bb9\" data-element_type=\"widget\" data-e-type=\"widget\" data-settings=\"{&quot;_position&quot;:&quot;absolute&quot;}\" data-widget_type=\"image.default\">\n\t\t\t\t\t\t\t\t\t\t\t\t\t\t\t<img decoding=\"async\" width=\"900\" height=\"600\" src=\"https:\/\/pehlivanaydin.com\/wp-content\/uploads\/2021\/12\/image-1.jpg\" class=\"attachment-large size-large wp-image-14\" alt=\"\" srcset=\"https:\/\/pehlivanaydin.com\/wp-content\/uploads\/2021\/12\/image-1.jpg 900w, https:\/\/pehlivanaydin.com\/wp-content\/uploads\/2021\/12\/image-1-300x200.jpg 300w, https:\/\/pehlivanaydin.com\/wp-content\/uploads\/2021\/12\/image-1-768x512.jpg 768w\" sizes=\"(max-width: 900px) 100vw, 900px\" \/>\t\t\t\t\t\t\t\t\t\t\t\t\t\t\t<\/div>\n\t\t\t\t\t<\/div>\n\t\t<\/div>\n\t\t\t\t\t<\/div>\n\t\t<\/section>\n\t\t\t\t<\/div>\n\t\t","protected":false},"excerpt":{"rendered":"<p>Hakk\u0131m\u0131zda \u2714 Vizyonumuz M\u00fc\u015favirlik ve finansal dan\u0131\u015fmanl\u0131k alanlar\u0131nda uzmanl\u0131\u011f\u0131yla tan\u0131nan, uluslararas\u0131 trendleri yak\u0131ndan takip eden ve m\u00fc\u015fterilerinin \u00f6zel ihtiya\u00e7lar\u0131na g\u00f6re \u00f6zelle\u015ftirilmi\u015f \u00e7\u00f6z\u00fcmler sunan butik bir dan\u0131\u015fmanl\u0131k firmas\u0131 olmak. \u2714 Misyonumuz -G\u00fcncel mevzuat\u0131 objektif bir anlay\u0131\u015fla yorumlayarak do\u011fru bir \u015fekilde uygulamak,-Yarg\u0131 kararlar\u0131n\u0131 ve idari uygulamalar\u0131 yak\u0131ndan izleyerek m\u00fc\u015fterilerine zaman\u0131nda ve do\u011fru rehberlik sa\u011flamak,-Bilgi ve tecr\u00fcbeyi harmanlayarak, farkl\u0131 disiplinlerin kesi\u015fim noktas\u0131nda y\u00fcksek kaliteli hizmet sunmak,-Etkin finansal y\u00f6netim dan\u0131\u015fmanl\u0131\u011f\u0131 ile m\u00fc\u015fterilerine modern, kurumsal ve s\u00fcrd\u00fcr\u00fclebilir \u00e7\u00f6z\u00fcmler geli\u015ftirmek. \u2714 De\u011ferlerimiz -G\u00fcvenilirlik-D\u00fcr\u00fcstl\u00fck-Mesleki \u00d6zen-Sorumluluk ve Hesap Verebilirlik-Sonu\u00e7 Odakl\u0131l\u0131k<\/p>\n","protected":false},"author":1,"featured_media":0,"parent":0,"menu_order":0,"comment_status":"closed","ping_status":"closed","template":"elementor_canvas","meta":{"footnotes":""},"class_list":["post-66","page","type-page","status-publish","hentry"],"acf":[],"_links":{"self":[{"href":"https:\/\/pehlivanaydin.com\/index.php?rest_route=\/wp\/v2\/pages\/66","targetHints":{"allow":["GET"]}}],"collection":[{"href":"https:\/\/pehlivanaydin.com\/index.php?rest_route=\/wp\/v2\/pages"}],"about":[{"href":"https:\/\/pehlivanaydin.com\/index.php?rest_route=\/wp\/v2\/types\/page"}],"author":[{"embeddable":true,"href":"https:\/\/pehlivanaydin.com\/index.php?rest_route=\/wp\/v2\/users\/1"}],"replies":[{"embeddable":true,"href":"https:\/\/pehlivanaydin.com\/index.php?rest_route=%2Fwp%2Fv2%2Fcomments&post=66"}],"version-history":[{"count":7,"href":"https:\/\/pehlivanaydin.com\/index.php?rest_route=\/wp\/v2\/pages\/66\/revisions"}],"predecessor-version":[{"id":6592,"href":"https:\/\/pehlivanaydin.com\/index.php?rest_route=\/wp\/v2\/pages\/66\/revisions\/6592"}],"wp:attachment":[{"href":"https:\/\/pehlivanaydin.com\/index.php?rest_route=%2Fwp%2Fv2%2Fmedia&parent=66"}],"curies":[{"name":"wp","href":"https:\/\/api.w.org\/{rel}","templated":true}]}}